{"id":148,"date":"2019-11-28T11:15:13","date_gmt":"2019-11-28T10:15:13","guid":{"rendered":"http:\/\/cnomb.bi\/?page_id=148"},"modified":"2019-11-28T13:46:39","modified_gmt":"2019-11-28T12:46:39","slug":"histoire-du-cnomb","status":"publish","type":"page","link":"https:\/\/cnomb.bi\/?page_id=148","title":{"rendered":"Histoire de l\u2019Ordre"},"content":{"rendered":"\n<p>L\u2019Ordre des M\u00e9decins du\nBurundi a \u00e9t\u00e9 cr\u00e9\u00e9 par d\u00e9cret Pr\u00e9sidentiel n\u00b0 100\/187 du 4 juin 1974. Il s\u2019agit\nd\u2019une institution de droit public et poss\u00e8de la personnalit\u00e9 civile, ainsi\nqu\u2019un patrimoine propre. <\/p>\n\n\n\n<p>Le d\u00e9cret qui le met en place\npr\u00e9cise bien dans son article 4 les ressources dont peut disposer l\u2019Ordre des\nM\u00e9decins du Burundi pour fonctionner. <\/p>\n\n\n\n<p>Il s\u2019agit notamment de :<\/p>\n\n\n\n<p>1\u00b0 Un subside annuel inscrit\nau budget du Minist\u00e8re de la Sant\u00e9 Publique<\/p>\n\n\n\n<p>2\u00b0 Le produit des cotisations\ndes membres de l\u2019Ordre<\/p>\n\n\n\n<p>3\u00b0 Des donations autoris\u00e9es\npar le Ministre de la Sant\u00e9 Publique<\/p>\n\n\n\n<p>Ce texte mettant l\u00e9galement en\nplace l\u2019Ordre des M\u00e9decins d\u00e9finit \u00e9galement la qualit\u00e9 de ses membres, la\ncomposition et la comp\u00e9tence de son organe ex\u00e9cutif tout en d\u00e9crivant la\nproc\u00e9dure disciplinaire ainsi que les voies de recours. Le d\u00e9cret indique\n\u00e9galement le champ d\u2019intervention des organes de l\u2019Ordre et la tutelle\nadministrative g\u00e9n\u00e9rale de l\u2019ordre des m\u00e9decins assur\u00e9 par le Ministre qui ne\npeut d\u00e9l\u00e9guer cette pr\u00e9rogative tout en pr\u00e9cisant les actes pour lesquels cette\ntutelle ne s\u2019exerce pas notamment les d\u00e9cisions du conseil en mati\u00e8re\ndisciplinaire et l\u2019inscription au tableau de l\u2019Ordre.<\/p>\n\n\n\n<p>L\u2019Ordre des M\u00e9decins du\nBurundi a \u00e9t\u00e9 donc mis en place depuis plus de 4 d\u00e9cennies, mais cette\nstructure n\u2019a pas constamment fonctionn\u00e9 de mani\u00e8re r\u00e9guli\u00e8re. <\/p>\n\n\n\n<p>Nous noterons que dans les\nann\u00e9es 1990, sur initiative du Minist\u00e8re de la Sant\u00e9 Publique cette structure a\n\u00e9t\u00e9 redynamis\u00e9e apr\u00e8s une longue dur\u00e9e sans fonctionnement de ses organes.\nAinsi donc, en 1989, une assembl\u00e9e g\u00e9n\u00e9rale des m\u00e9decins a pu \u00eatre organis\u00e9e,\net des \u00e9lections organis\u00e9es pour mettre en place le Conseil National de l\u2019Ordre\ndes M\u00e9decins compos\u00e9e comme le pr\u00e9voit le r\u00e8glement de 8 praticiens \u00e9lus par\nleurs pairs et un magistrat (juge) du tribunal de 1\u00e8re instance d\u00e9sign\u00e9 par le\nMinistre de la Justice. <\/p>\n\n\n\n<p>D\u00e8s sa mise en place, le CNOMB\na r\u00e9alis\u00e9 beaucoup d\u2019activit\u00e9s en rapport avec sa mission notamment l\u2019analyse\ndes dossiers des m\u00e9decins demandant l\u2019inscription au tableau de l\u2019ordre des\nm\u00e9decins et la prise de d\u00e9cision appropri\u00e9e, l\u2019octroi des cartes de membres,\nainsi que la collecte des cotisations y relative. Par ailleurs le CNOMB a eu \u00e0\nr\u00e9gler des dossiers disciplinaires de type vari\u00e9s et r\u00e9gler des litiges\nconcernant les manquements \u00e0 la d\u00e9ontologie m\u00e9dicale. Il faut noter aussi que\nlors des \u00e9v\u00e9nements malheureux qui ont endeuill\u00e9 le Burundi en octobre 1993, le\nCNOMB a \u00e9t\u00e9 parmi les premi\u00e8res structures \u00e0 lancer sur la voie des ondes un\nmessage d\u2019apaisement, tout en incitant les membres de l\u2019Ordre des M\u00e9decins de\nse r\u00e9f\u00e9rer constamment aux prescriptions de la d\u00e9ontologie m\u00e9dicale, quelle que\nsoit le contexte.<\/p>\n\n\n\n<p>Ce dynamisme du CNOMB n\u2019a pas\n\u00e9t\u00e9 constant pour des raisons diverses notamment la crise sociopolitique de\n1993 et le conflit arm\u00e9 qui s\u2019en est suivi avec une d\u00e9stabilisation importante\ndes membres de l\u2019ordre des m\u00e9decins (d\u00e9c\u00e8s, r\u00e9fugi\u00e9s\u2026), insuffisance de moyens\nde fonctionnement, etc. \n\nIl importe donc de redynamiser ce corps professionnel\net remettre sur selle l\u2019Ordre des M\u00e9decins du Burundi et son organe de\nr\u00e9f\u00e9rence le Conseil National de l\u2019Ordre des M\u00e9decins.\n\n\n\n<\/p>\n","protected":false},"excerpt":{"rendered":"<p>L\u2019Ordre des M\u00e9decins du Burundi a \u00e9t\u00e9 cr\u00e9\u00e9 par d\u00e9cret Pr\u00e9sidentiel n\u00b0 100\/187 du 4 juin 1974. Il s\u2019agit d\u2019une institution de droit public et poss\u00e8de la personnalit\u00e9 civile, ainsi qu\u2019un patrimoine propre. Le d\u00e9cret qui le met en place pr\u00e9cise bien dans son article 4 les ressources dont peut disposer l\u2019Ordre des M\u00e9decins du [&hellip;]<\/p>\n","protected":false},"author":1,"featured_media":0,"parent":48,"menu_order":3,"comment_status":"closed","ping_status":"closed","template":"","meta":{"footnotes":""},"class_list":["post-148","page","type-page","status-publish","hentry"],"_links":{"self":[{"href":"https:\/\/cnomb.bi\/index.php?rest_route=\/wp\/v2\/pages\/148","targetHints":{"allow":["GET"]}}],"collection":[{"href":"https:\/\/cnomb.bi\/index.php?rest_route=\/wp\/v2\/pages"}],"about":[{"href":"https:\/\/cnomb.bi\/index.php?rest_route=\/wp\/v2\/types\/page"}],"author":[{"embeddable":true,"href":"https:\/\/cnomb.bi\/index.php?rest_route=\/wp\/v2\/users\/1"}],"replies":[{"embeddable":true,"href":"https:\/\/cnomb.bi\/index.php?rest_route=%2Fwp%2Fv2%2Fcomments&post=148"}],"version-history":[{"count":3,"href":"https:\/\/cnomb.bi\/index.php?rest_route=\/wp\/v2\/pages\/148\/revisions"}],"predecessor-version":[{"id":156,"href":"https:\/\/cnomb.bi\/index.php?rest_route=\/wp\/v2\/pages\/148\/revisions\/156"}],"up":[{"embeddable":true,"href":"https:\/\/cnomb.bi\/index.php?rest_route=\/wp\/v2\/pages\/48"}],"wp:attachment":[{"href":"https:\/\/cnomb.bi\/index.php?rest_route=%2Fwp%2Fv2%2Fmedia&parent=148"}],"curies":[{"name":"wp","href":"https:\/\/api.w.org\/{rel}","templated":true}]}}