{"id":59,"date":"2019-11-09T11:04:07","date_gmt":"2019-11-09T10:04:07","guid":{"rendered":"http:\/\/localhost\/?page_id=59"},"modified":"2023-07-04T15:42:37","modified_gmt":"2023-07-04T13:42:37","slug":"qui-sommes-nous","status":"publish","type":"page","link":"https:\/\/cnomb.bi\/?page_id=59","title":{"rendered":"Qui sommes nous?"},"content":{"rendered":"\n<p><strong>CONSEIL\nNATIONAL DE L\u2019ORDRE DES MEDECINS DU BURUNDI<\/strong><\/p>\n\n\n\n<p>L\u2019Ordre repr\u00e9sente l\u2019ensemble\ndes m\u00e9decins<\/p>\n\n\n\n<p>L\u2019Ordre des m\u00e9decins est la\nseule institution qui rassemble et f\u00e9d\u00e8re, au Burundi, l\u2019ensemble des m\u00e9decins,\nquel que soit leur statut, leur mode d\u2019exercice et leur sp\u00e9cialit\u00e9. Organisme\nde droit priv\u00e9 charg\u00e9 d\u2019une mission de service public, l\u2019Ordre d\u00e9fend\nl\u2019ind\u00e9pendance et l\u2019honneur de la profession m\u00e9dicale aupr\u00e8s de l\u2019ensemble de\nla soci\u00e9t\u00e9 burundaise : usagers et citoyens, administrations et services de\nl\u2019\u00c9tat, associations\u2026 Il assume un r\u00f4le moral, administratif, consultatif,\njuridictionnel et de conciliation. Il est le garant de la relation\nm\u00e9decin-patient.<\/p>\n","protected":false},"excerpt":{"rendered":"<p>CONSEIL NATIONAL DE L\u2019ORDRE DES MEDECINS DU BURUNDI L\u2019Ordre repr\u00e9sente l\u2019ensemble des m\u00e9decins L\u2019Ordre des m\u00e9decins est la seule institution qui rassemble et f\u00e9d\u00e8re, au Burundi, l\u2019ensemble des m\u00e9decins, quel que soit leur statut, leur mode d\u2019exercice et leur sp\u00e9cialit\u00e9. Organisme de droit priv\u00e9 charg\u00e9 d\u2019une mission de service public, l\u2019Ordre d\u00e9fend l\u2019ind\u00e9pendance et l\u2019honneur [&hellip;]<\/p>\n","protected":false},"author":1,"featured_media":0,"parent":48,"menu_order":1,"comment_status":"closed","ping_status":"closed","template":"","meta":{"footnotes":""},"class_list":["post-59","page","type-page","status-publish","hentry"],"_links":{"self":[{"href":"https:\/\/cnomb.bi\/index.php?rest_route=\/wp\/v2\/pages\/59","targetHints":{"allow":["GET"]}}],"collection":[{"href":"https:\/\/cnomb.bi\/index.php?rest_route=\/wp\/v2\/pages"}],"about":[{"href":"https:\/\/cnomb.bi\/index.php?rest_route=\/wp\/v2\/types\/page"}],"author":[{"embeddable":true,"href":"https:\/\/cnomb.bi\/index.php?rest_route=\/wp\/v2\/users\/1"}],"replies":[{"embeddable":true,"href":"https:\/\/cnomb.bi\/index.php?rest_route=%2Fwp%2Fv2%2Fcomments&post=59"}],"version-history":[{"count":3,"href":"https:\/\/cnomb.bi\/index.php?rest_route=\/wp\/v2\/pages\/59\/revisions"}],"predecessor-version":[{"id":192,"href":"https:\/\/cnomb.bi\/index.php?rest_route=\/wp\/v2\/pages\/59\/revisions\/192"}],"up":[{"embeddable":true,"href":"https:\/\/cnomb.bi\/index.php?rest_route=\/wp\/v2\/pages\/48"}],"wp:attachment":[{"href":"https:\/\/cnomb.bi\/index.php?rest_route=%2Fwp%2Fv2%2Fmedia&parent=59"}],"curies":[{"name":"wp","href":"https:\/\/api.w.org\/{rel}","templated":true}]}}