{"id":61,"date":"2019-11-09T11:06:31","date_gmt":"2019-11-09T10:06:31","guid":{"rendered":"http:\/\/localhost\/?page_id=61"},"modified":"2019-11-28T11:07:47","modified_gmt":"2019-11-28T10:07:47","slug":"mission-vision","status":"publish","type":"page","link":"https:\/\/cnomb.bi\/?page_id=61","title":{"rendered":"Mission &#038; Vision"},"content":{"rendered":"\n<ol class=\"wp-block-list\"><li>Garantir la d\u00e9ontologie<\/li><\/ol>\n\n\n\n<p>Le respect de l\u2019\u00e9thique et de\nla d\u00e9ontologie m\u00e9dicale est l\u2019un des principaux champs de comp\u00e9tence de l\u2019Ordre\ndes m\u00e9decins. L\u2019Ordre est charg\u00e9 de la r\u00e9daction du code de d\u00e9ontologie m\u00e9dicale\nqui est inscrit dans le code de la sant\u00e9 publique.<\/p>\n\n\n\n<p>L\u2019Ordre des m\u00e9decins \u00e9labore\naussi les commentaires du code pour faciliter la compr\u00e9hension et le respect de\nla d\u00e9ontologie au quotidien, par les m\u00e9decins.<\/p>\n\n\n\n<p>L\u2019Ordre assure \u00e9galement un r\u00f4le\nd\u2019instance disciplinaire pour les m\u00e9decins qui ne respecteraient pas les principes\nde la d\u00e9ontologie.<\/p>\n\n\n\n<ul class=\"wp-block-list\"><li>S\u2019assurer de la comp\u00e9tence des m\u00e9decins<\/li><\/ul>\n\n\n\n<p>La loi a confi\u00e9 \u00e0 l\u2019Ordre le\nr\u00f4le de veiller au maintien de la comp\u00e9tence et de la probit\u00e9 du corps m\u00e9dical.<\/p>\n\n\n\n<p>Il tient \u00e0 jour le Tableau des\nm\u00e9decins autoris\u00e9s \u00e0 exercer. Il g\u00e8re l\u2019inscription des m\u00e9decins \u00e0 ce tableau.<\/p>\n\n\n\n<ul class=\"wp-block-list\"><li>Accompagner et aider les m\u00e9decins<\/li><\/ul>\n\n\n\n<p>L\u2019Ordre accompagne les\nm\u00e9decins dans leur activit\u00e9 quotidienne. Dans un environnement juridique et soci\u00e9tal\nde plus en plus complexe, il joue un r\u00f4le de conseiller pour les aider \u00e0 choisir\nle statut le plus adapt\u00e9 \u00e0 leur mode d\u2019exercice et \u00e0 pratiquer leur activit\u00e9 le\nplus sereinement possible, tout au long de leur carri\u00e8re. L\u2019Ordre met \u00e0 la\ndisposition des m\u00e9decins des outils pour faciliter leur exercice professionnel\n: guides pratiques, code de d\u00e9ontologie\u2026 <\/p>\n\n\n\n<p>Il joue un r\u00f4le de conseil\njuridique, notamment en cas de conflit entre un m\u00e9decin et son patient ou entre\nconfr\u00e8res.<\/p>\n\n\n\n<p>Enfin, l\u2019Ordre g\u00e8re un fonds\nd\u2019entraide pour venir en aide aux m\u00e9decins en difficult\u00e9 et \u00e0 leur famille.<\/p>\n\n\n\n<ul class=\"wp-block-list\"><li>Veiller \u00e0 la qualit\u00e9 des soins<\/li><\/ul>\n\n\n\n<p>Aux c\u00f4t\u00e9s des repr\u00e9sentants\ndes autres professionnels de sant\u00e9, l\u2019Ordre veille \u00e0 la qualit\u00e9 des soins et au\nrespect des droits des patients. Il s\u2019assure de l\u2019ind\u00e9pendance professionnelle\nde tous ses membres dans leurs relations avec l\u2019industrie pharmaceutique et\nbiom\u00e9dicale.<\/p>\n\n\n\n<ul class=\"wp-block-list\"><li>Conseiller les pouvoirs publics<\/li><\/ul>\n\n\n\n<p>L\u2019Ordre des m\u00e9decins est un\nacteur incontournable dans les r\u00e9flexions sur les \u00e9volutions du syst\u00e8me de\nsant\u00e9.<\/p>\n\n\n\n<p>Il est pr\u00e9sent dans de\nnombreuses instances, intervient comme expert aupr\u00e8s des minist\u00e8res, des\nAgences r\u00e9gionales ou internationale dans le domaine de la sant\u00e9 et des autres\nacteur burundais de sant\u00e9 publique. Interlocuteur des pouvoirs publics, il rend\ndes avis sur les projets de lois et d\u00e9crets. Pour conforter son r\u00f4le d\u2019expert,\nl\u2019Ordre r\u00e9alise diff\u00e9rentes enqu\u00eates sur la d\u00e9mographie m\u00e9dicale, la s\u00e9curit\u00e9\ndes m\u00e9decins ou la permanence des soins.<\/p>\n","protected":false},"excerpt":{"rendered":"<p>Garantir la d\u00e9ontologie Le respect de l\u2019\u00e9thique et de la d\u00e9ontologie m\u00e9dicale est l\u2019un des principaux champs de comp\u00e9tence de l\u2019Ordre des m\u00e9decins. L\u2019Ordre est charg\u00e9 de la r\u00e9daction du code de d\u00e9ontologie m\u00e9dicale qui est inscrit dans le code de la sant\u00e9 publique. L\u2019Ordre des m\u00e9decins \u00e9labore aussi les commentaires du code pour faciliter [&hellip;]<\/p>\n","protected":false},"author":1,"featured_media":0,"parent":48,"menu_order":2,"comment_status":"closed","ping_status":"closed","template":"","meta":{"footnotes":""},"class_list":["post-61","page","type-page","status-publish","hentry"],"_links":{"self":[{"href":"https:\/\/cnomb.bi\/index.php?rest_route=\/wp\/v2\/pages\/61","targetHints":{"allow":["GET"]}}],"collection":[{"href":"https:\/\/cnomb.bi\/index.php?rest_route=\/wp\/v2\/pages"}],"about":[{"href":"https:\/\/cnomb.bi\/index.php?rest_route=\/wp\/v2\/types\/page"}],"author":[{"embeddable":true,"href":"https:\/\/cnomb.bi\/index.php?rest_route=\/wp\/v2\/users\/1"}],"replies":[{"embeddable":true,"href":"https:\/\/cnomb.bi\/index.php?rest_route=%2Fwp%2Fv2%2Fcomments&post=61"}],"version-history":[{"count":2,"href":"https:\/\/cnomb.bi\/index.php?rest_route=\/wp\/v2\/pages\/61\/revisions"}],"predecessor-version":[{"id":147,"href":"https:\/\/cnomb.bi\/index.php?rest_route=\/wp\/v2\/pages\/61\/revisions\/147"}],"up":[{"embeddable":true,"href":"https:\/\/cnomb.bi\/index.php?rest_route=\/wp\/v2\/pages\/48"}],"wp:attachment":[{"href":"https:\/\/cnomb.bi\/index.php?rest_route=%2Fwp%2Fv2%2Fmedia&parent=61"}],"curies":[{"name":"wp","href":"https:\/\/api.w.org\/{rel}","templated":true}]}}