{"id":65,"date":"2019-11-09T11:11:14","date_gmt":"2019-11-09T10:11:14","guid":{"rendered":"http:\/\/localhost\/?page_id=65"},"modified":"2019-11-28T13:47:00","modified_gmt":"2019-11-28T12:47:00","slug":"organigramme","status":"publish","type":"page","link":"https:\/\/cnomb.bi\/?page_id=65","title":{"rendered":"Organigramme"},"content":{"rendered":"\n<p>Page Organigramme<\/p>\n\n\n\n<p>Le conseil national de l\u2019Ordre\ndes m\u00e9decins est compos\u00e9 de quatre comit\u00e9 :<\/p>\n\n\n\n<ul class=\"wp-block-list\"><li>Le comit\u00e9 de discipline, \u00e9thique et d\u00e9ontologie\nest notamment charg\u00e9e d\u2019actualiser les articles du code de d\u00e9ontologie m\u00e9dicale\net ses commentaires. Elle informe les m\u00e9decins et le grand public sur les questions\n\u00e9thiques et d\u00e9ontologiques qui sont au c\u0153ur de l\u2019exercice m\u00e9dical.<\/li><\/ul>\n\n\n\n<ul class=\"wp-block-list\"><li>Le comit\u00e9 d\u2019inspection professionnel qui rend\ndes avis de nature juridique et d\u00e9ontologique et conseille les m\u00e9decins sur\nl\u2019\u00e9volution de leur exercice professionnel. <\/li><\/ul>\n\n\n\n<ul class=\"wp-block-list\"><li>Le comit\u00e9 de formation m\u00e9dical continue et\ncomp\u00e9tences m\u00e9dicales g\u00e8re les commissions de qualification, examine les questions\nli\u00e9es \u00e0 la formation initiale et continue, \u00e0 l\u2019\u00e9volution des carri\u00e8res des\nm\u00e9decins et au d\u00e9veloppement professionnel continu. <\/li><\/ul>\n\n\n\n<p>Enfin, le conseil national de\nl\u2019Ordre des m\u00e9decins est l\u2019interlocuteur des instances minist\u00e9rielles et un partenaire\ndes acteurs de sant\u00e9 nationaux. Il \u00e9met un avis sur tous les grands textes\nr\u00e9glementaires qui concernent la profession. Il d\u00e9fend les principes de la\nd\u00e9ontologie m\u00e9dicale dans les grands d\u00e9bats de sant\u00e9 nationaux et\ninternationaux.<\/p>\n","protected":false},"excerpt":{"rendered":"<p>Page Organigramme Le conseil national de l\u2019Ordre des m\u00e9decins est compos\u00e9 de quatre comit\u00e9 : Le comit\u00e9 de discipline, \u00e9thique et d\u00e9ontologie est notamment charg\u00e9e d\u2019actualiser les articles du code de d\u00e9ontologie m\u00e9dicale et ses commentaires. Elle informe les m\u00e9decins et le grand public sur les questions \u00e9thiques et d\u00e9ontologiques qui sont au c\u0153ur de [&hellip;]<\/p>\n","protected":false},"author":1,"featured_media":0,"parent":48,"menu_order":3,"comment_status":"closed","ping_status":"closed","template":"","meta":{"footnotes":""},"class_list":["post-65","page","type-page","status-publish","hentry"],"_links":{"self":[{"href":"https:\/\/cnomb.bi\/index.php?rest_route=\/wp\/v2\/pages\/65","targetHints":{"allow":["GET"]}}],"collection":[{"href":"https:\/\/cnomb.bi\/index.php?rest_route=\/wp\/v2\/pages"}],"about":[{"href":"https:\/\/cnomb.bi\/index.php?rest_route=\/wp\/v2\/types\/page"}],"author":[{"embeddable":true,"href":"https:\/\/cnomb.bi\/index.php?rest_route=\/wp\/v2\/users\/1"}],"replies":[{"embeddable":true,"href":"https:\/\/cnomb.bi\/index.php?rest_route=%2Fwp%2Fv2%2Fcomments&post=65"}],"version-history":[{"count":3,"href":"https:\/\/cnomb.bi\/index.php?rest_route=\/wp\/v2\/pages\/65\/revisions"}],"predecessor-version":[{"id":157,"href":"https:\/\/cnomb.bi\/index.php?rest_route=\/wp\/v2\/pages\/65\/revisions\/157"}],"up":[{"embeddable":true,"href":"https:\/\/cnomb.bi\/index.php?rest_route=\/wp\/v2\/pages\/48"}],"wp:attachment":[{"href":"https:\/\/cnomb.bi\/index.php?rest_route=%2Fwp%2Fv2%2Fmedia&parent=65"}],"curies":[{"name":"wp","href":"https:\/\/api.w.org\/{rel}","templated":true}]}}